{"id":2,"date":"2019-06-03T14:02:30","date_gmt":"2019-06-03T20:02:30","guid":{"rendered":"https:\/\/mediamagix.com\/mm\/?page_id=2"},"modified":"2019-06-03T14:02:30","modified_gmt":"2019-06-03T20:02:30","slug":"pagina-ejemplo","status":"publish","type":"page","link":"https:\/\/www.mediamagix.com\/en\/pagina-ejemplo\/","title":{"rendered":"P\u00e1gina de ejemplo"},"content":{"rendered":"<p>Esta es una p\u00e1gina de ejemplo, Es diferente a una entrada de un blog porque se mantiene est\u00e1tica y se mostrar\u00e1 en la barra de navegaci\u00f3n (en la mayor\u00eda de temas). Casi todo el mundo comienza con una p\u00e1gina &#8220;Acerca De&#8221; para presentarse a los potenciales visitantes. Podr\u00eda ser algo as\u00ed:<\/p>\n<blockquote><p>\u00a1Hola!: Soy mensajero por el d\u00eda, aspirante a actor por la noche y esta es mi web. Vivo en Guadalajara, tengo un gran perro llamado Khal y me encantan las pi\u00f1as coladas (y empaparme en la lluvia)<\/p><\/blockquote>\n<p>\u2026 o algo as\u00ed:<\/p>\n<blockquote><p>La empresa Banpatr\u00e1s XYZ se fund\u00f3 en 1971, y ha estado invirtiendo el ahorro de sus clientes desde entonces. Ubicada en Ciudad G\u00f3tica, Banpatr\u00e1s XYZ tiene m\u00e1s de 2.000 empleados e hace toda clase de cosas incre\u00edbles por la comunidad de Ciudad G\u00f3tica<\/p><\/blockquote>\n<p>Si eres nuevo en WordPress deber\u00edas ir a <a href=\"https:\/\/www.mediamagix.com\/wp-admin\/\">tu escritorio<\/a> para borrar esta p\u00e1gina y crear algunas nuevas con tu contenido. \u00a1Divi\u00e9rtete!<\/p>","protected":false},"excerpt":{"rendered":"<p>Esta es una p\u00e1gina de ejemplo, Es diferente a una entrada de un blog porque se mantiene est\u00e1tica y se mostrar\u00e1 en la barra de navegaci\u00f3n (en la mayor\u00eda de temas). Casi todo el mundo comienza con una p\u00e1gina &#8220;Acerca De&#8221; para presentarse a los potenciales visitantes. Podr\u00eda ser algo as\u00ed: \u00a1Hola!: Soy mensajero por [&hellip;]<\/p>\n","protected":false},"author":1,"featured_media":0,"parent":0,"menu_order":0,"comment_status":"closed","ping_status":"open","template":"","meta":{"inline_featured_image":false,"iawp_total_views":0,"footnotes":""},"class_list":["post-2","page","type-page","status-publish","hentry"],"yoast_head":"<!-- This site is optimized with the Yoast SEO plugin v27.3 - https:\/\/yoast.com\/product\/yoast-seo-wordpress\/ -->\n<title>P\u00e1gina de ejemplo - mediamagix<\/title>\n<meta name=\"robots\" content=\"index, follow, max-snippet:-1, max-image-preview:large, max-video-preview:-1\" \/>\n<link rel=\"canonical\" href=\"https:\/\/www.mediamagix.com\/en\/pagina-ejemplo\/\" \/>\n<meta property=\"og:locale\" content=\"en_US\" \/>\n<meta property=\"og:type\" content=\"article\" \/>\n<meta property=\"og:title\" content=\"P\u00e1gina de ejemplo - mediamagix\" \/>\n<meta property=\"og:description\" content=\"Esta es una p\u00e1gina de ejemplo, Es diferente a una entrada de un blog porque se mantiene est\u00e1tica y se mostrar\u00e1 en la barra de navegaci\u00f3n (en la mayor\u00eda de temas). Casi todo el mundo comienza con una p\u00e1gina &#8220;Acerca De&#8221; para presentarse a los potenciales visitantes. Podr\u00eda ser algo as\u00ed: \u00a1Hola!: Soy mensajero por [&hellip;]\" \/>\n<meta property=\"og:url\" content=\"https:\/\/www.mediamagix.com\/en\/pagina-ejemplo\/\" \/>\n<meta property=\"og:site_name\" content=\"mediamagix\" \/>\n<meta name=\"twitter:card\" content=\"summary_large_image\" \/>\n<meta name=\"twitter:label1\" content=\"Est. reading time\" \/>\n\t<meta name=\"twitter:data1\" content=\"1 minute\" \/>\n<script type=\"application\/ld+json\" class=\"yoast-schema-graph\">{\"@context\":\"https:\\\/\\\/schema.org\",\"@graph\":[{\"@type\":\"WebPage\",\"@id\":\"https:\\\/\\\/www.mediamagix.com\\\/pagina-ejemplo\\\/\",\"url\":\"https:\\\/\\\/www.mediamagix.com\\\/pagina-ejemplo\\\/\",\"name\":\"P\u00e1gina de ejemplo - mediamagix\",\"isPartOf\":{\"@id\":\"https:\\\/\\\/www.mediamagix.com\\\/#website\"},\"datePublished\":\"2019-06-03T20:02:30+00:00\",\"breadcrumb\":{\"@id\":\"https:\\\/\\\/www.mediamagix.com\\\/pagina-ejemplo\\\/#breadcrumb\"},\"inLanguage\":\"en-US\",\"potentialAction\":[{\"@type\":\"ReadAction\",\"target\":[\"https:\\\/\\\/www.mediamagix.com\\\/pagina-ejemplo\\\/\"]}]},{\"@type\":\"BreadcrumbList\",\"@id\":\"https:\\\/\\\/www.mediamagix.com\\\/pagina-ejemplo\\\/#breadcrumb\",\"itemListElement\":[{\"@type\":\"ListItem\",\"position\":1,\"name\":\"Home\",\"item\":\"https:\\\/\\\/www.mediamagix.com\\\/\"},{\"@type\":\"ListItem\",\"position\":2,\"name\":\"P\u00e1gina de ejemplo\"}]},{\"@type\":\"WebSite\",\"@id\":\"https:\\\/\\\/www.mediamagix.com\\\/#website\",\"url\":\"https:\\\/\\\/www.mediamagix.com\\\/\",\"name\":\"mediamagix\",\"description\":\"Visual Studio\",\"publisher\":{\"@id\":\"https:\\\/\\\/www.mediamagix.com\\\/#organization\"},\"potentialAction\":[{\"@type\":\"SearchAction\",\"target\":{\"@type\":\"EntryPoint\",\"urlTemplate\":\"https:\\\/\\\/www.mediamagix.com\\\/?s={search_term_string}\"},\"query-input\":{\"@type\":\"PropertyValueSpecification\",\"valueRequired\":true,\"valueName\":\"search_term_string\"}}],\"inLanguage\":\"en-US\"},{\"@type\":\"Organization\",\"@id\":\"https:\\\/\\\/www.mediamagix.com\\\/#organization\",\"name\":\"Mediamagix Visual Studio\",\"url\":\"https:\\\/\\\/www.mediamagix.com\\\/\",\"logo\":{\"@type\":\"ImageObject\",\"inLanguage\":\"en-US\",\"@id\":\"https:\\\/\\\/www.mediamagix.com\\\/#\\\/schema\\\/logo\\\/image\\\/\",\"url\":\"https:\\\/\\\/www.mediamagix.com\\\/wp-content\\\/uploads\\\/2019\\\/06\\\/mm-adminlogo.png\",\"contentUrl\":\"https:\\\/\\\/www.mediamagix.com\\\/wp-content\\\/uploads\\\/2019\\\/06\\\/mm-adminlogo.png\",\"width\":260,\"height\":98,\"caption\":\"Mediamagix Visual Studio\"},\"image\":{\"@id\":\"https:\\\/\\\/www.mediamagix.com\\\/#\\\/schema\\\/logo\\\/image\\\/\"}}]}<\/script>\n<!-- \/ Yoast SEO plugin. -->","yoast_head_json":{"title":"P\u00e1gina de ejemplo - mediamagix","robots":{"index":"index","follow":"follow","max-snippet":"max-snippet:-1","max-image-preview":"max-image-preview:large","max-video-preview":"max-video-preview:-1"},"canonical":"https:\/\/www.mediamagix.com\/en\/pagina-ejemplo\/","og_locale":"en_US","og_type":"article","og_title":"P\u00e1gina de ejemplo - mediamagix","og_description":"Esta es una p\u00e1gina de ejemplo, Es diferente a una entrada de un blog porque se mantiene est\u00e1tica y se mostrar\u00e1 en la barra de navegaci\u00f3n (en la mayor\u00eda de temas). Casi todo el mundo comienza con una p\u00e1gina &#8220;Acerca De&#8221; para presentarse a los potenciales visitantes. Podr\u00eda ser algo as\u00ed: \u00a1Hola!: Soy mensajero por [&hellip;]","og_url":"https:\/\/www.mediamagix.com\/en\/pagina-ejemplo\/","og_site_name":"mediamagix","twitter_card":"summary_large_image","twitter_misc":{"Est. reading time":"1 minute"},"schema":{"@context":"https:\/\/schema.org","@graph":[{"@type":"WebPage","@id":"https:\/\/www.mediamagix.com\/pagina-ejemplo\/","url":"https:\/\/www.mediamagix.com\/pagina-ejemplo\/","name":"P\u00e1gina de ejemplo - mediamagix","isPartOf":{"@id":"https:\/\/www.mediamagix.com\/#website"},"datePublished":"2019-06-03T20:02:30+00:00","breadcrumb":{"@id":"https:\/\/www.mediamagix.com\/pagina-ejemplo\/#breadcrumb"},"inLanguage":"en-US","potentialAction":[{"@type":"ReadAction","target":["https:\/\/www.mediamagix.com\/pagina-ejemplo\/"]}]},{"@type":"BreadcrumbList","@id":"https:\/\/www.mediamagix.com\/pagina-ejemplo\/#breadcrumb","itemListElement":[{"@type":"ListItem","position":1,"name":"Home","item":"https:\/\/www.mediamagix.com\/"},{"@type":"ListItem","position":2,"name":"P\u00e1gina de ejemplo"}]},{"@type":"WebSite","@id":"https:\/\/www.mediamagix.com\/#website","url":"https:\/\/www.mediamagix.com\/","name":"mediamagix","description":"Visual Studio","publisher":{"@id":"https:\/\/www.mediamagix.com\/#organization"},"potentialAction":[{"@type":"SearchAction","target":{"@type":"EntryPoint","urlTemplate":"https:\/\/www.mediamagix.com\/?s={search_term_string}"},"query-input":{"@type":"PropertyValueSpecification","valueRequired":true,"valueName":"search_term_string"}}],"inLanguage":"en-US"},{"@type":"Organization","@id":"https:\/\/www.mediamagix.com\/#organization","name":"Mediamagix Visual Studio","url":"https:\/\/www.mediamagix.com\/","logo":{"@type":"ImageObject","inLanguage":"en-US","@id":"https:\/\/www.mediamagix.com\/#\/schema\/logo\/image\/","url":"https:\/\/www.mediamagix.com\/wp-content\/uploads\/2019\/06\/mm-adminlogo.png","contentUrl":"https:\/\/www.mediamagix.com\/wp-content\/uploads\/2019\/06\/mm-adminlogo.png","width":260,"height":98,"caption":"Mediamagix Visual Studio"},"image":{"@id":"https:\/\/www.mediamagix.com\/#\/schema\/logo\/image\/"}}]}},"_links":{"self":[{"href":"https:\/\/www.mediamagix.com\/en\/wp-json\/wp\/v2\/pages\/2","targetHints":{"allow":["GET"]}}],"collection":[{"href":"https:\/\/www.mediamagix.com\/en\/wp-json\/wp\/v2\/pages"}],"about":[{"href":"https:\/\/www.mediamagix.com\/en\/wp-json\/wp\/v2\/types\/page"}],"author":[{"embeddable":true,"href":"https:\/\/www.mediamagix.com\/en\/wp-json\/wp\/v2\/users\/1"}],"replies":[{"embeddable":true,"href":"https:\/\/www.mediamagix.com\/en\/wp-json\/wp\/v2\/comments?post=2"}],"version-history":[{"count":0,"href":"https:\/\/www.mediamagix.com\/en\/wp-json\/wp\/v2\/pages\/2\/revisions"}],"wp:attachment":[{"href":"https:\/\/www.mediamagix.com\/en\/wp-json\/wp\/v2\/media?parent=2"}],"curies":[{"name":"wp","href":"https:\/\/api.w.org\/{rel}","templated":true}]}}